{"id":3294,"date":"2023-07-19T10:41:50","date_gmt":"2023-07-19T08:41:50","guid":{"rendered":"http:\/\/andrelurton.com\/appellation-pessac-leognan\/"},"modified":"2025-05-14T18:09:23","modified_gmt":"2025-05-14T16:09:23","slug":"appellation-pessac-leognan","status":"publish","type":"page","link":"https:\/\/www.andrelurton.com\/en\/appellation-pessac-leognan\/","title":{"rendered":"Appellation Pessac-L\u00e9ognan"},"content":{"rendered":"","protected":false},"excerpt":{"rendered":"","protected":false},"author":1,"featured_media":1504,"parent":0,"menu_order":0,"comment_status":"closed","ping_status":"closed","template":"tpl-flex.php","meta":{"_acf_changed":false,"inline_featured_image":false,"footnotes":""},"class_list":["post-3294","page","type-page","status-publish","has-post-thumbnail","hentry"],"acf":[],"yoast_head":"<!-- This site is optimized with the Yoast SEO plugin v27.3 - https:\/\/yoast.com\/product\/yoast-seo-wordpress\/ -->\n<title>Appellation Pessac-L\u00e9ognan &#8226; Vignobles Famille Andr\u00e9 Lurton<\/title>\n<meta name=\"description\" content=\"Close to Bordeaux, the Pessac-L\u00e9ognan appellation is located on an exceptional terroir, the birthplace of great wines: &quot;les Graves de Bordeaux&quot;.\" \/>\n<meta name=\"robots\" content=\"index, follow, max-snippet:-1, max-image-preview:large, max-video-preview:-1\" \/>\n<link rel=\"canonical\" href=\"https:\/\/www.andrelurton.com\/en\/appellation-pessac-leognan\/\" \/>\n<meta property=\"og:locale\" content=\"en_US\" \/>\n<meta property=\"og:type\" content=\"article\" \/>\n<meta property=\"og:title\" content=\"Appellation Pessac-L\u00e9ognan &#8226; Vignobles Famille Andr\u00e9 Lurton\" \/>\n<meta property=\"og:description\" content=\"Close to Bordeaux, the Pessac-L\u00e9ognan appellation is located on an exceptional terroir, the birthplace of great wines: &quot;les Graves de Bordeaux&quot;.\" \/>\n<meta property=\"og:url\" content=\"https:\/\/www.andrelurton.com\/en\/appellation-pessac-leognan\/\" \/>\n<meta property=\"og:site_name\" content=\"Vignobles Famille Andr\u00e9 Lurton\" \/>\n<meta property=\"article:publisher\" content=\"https:\/\/www.facebook.com\/vignoblesandrelurton\" \/>\n<meta property=\"article:modified_time\" content=\"2025-05-14T16:09:23+00:00\" \/>\n<meta property=\"og:image\" content=\"https:\/\/www.andrelurton.com\/wp-content\/uploads\/2023\/06\/Vignobles-Lurton-Chateau-La-Louviere-202306-35.jpg\" \/>\n\t<meta property=\"og:image:width\" content=\"1920\" \/>\n\t<meta property=\"og:image:height\" content=\"1281\" \/>\n\t<meta property=\"og:image:type\" content=\"image\/jpeg\" \/>\n<meta name=\"twitter:card\" content=\"summary_large_image\" \/>\n<meta name=\"twitter:label1\" content=\"Est. reading time\" \/>\n\t<meta name=\"twitter:data1\" content=\"1 minute\" \/>\n<script type=\"application\/ld+json\" class=\"yoast-schema-graph\">{\"@context\":\"https:\\\/\\\/schema.org\",\"@graph\":[{\"@type\":\"WebPage\",\"@id\":\"https:\\\/\\\/www.andrelurton.com\\\/en\\\/appellation-pessac-leognan\\\/\",\"url\":\"https:\\\/\\\/www.andrelurton.com\\\/en\\\/appellation-pessac-leognan\\\/\",\"name\":\"Appellation Pessac-L\u00e9ognan &#8226; Vignobles Famille Andr\u00e9 Lurton\",\"isPartOf\":{\"@id\":\"https:\\\/\\\/www.andrelurton.com\\\/#website\"},\"primaryImageOfPage\":{\"@id\":\"https:\\\/\\\/www.andrelurton.com\\\/en\\\/appellation-pessac-leognan\\\/#primaryimage\"},\"image\":{\"@id\":\"https:\\\/\\\/www.andrelurton.com\\\/en\\\/appellation-pessac-leognan\\\/#primaryimage\"},\"thumbnailUrl\":\"https:\\\/\\\/www.andrelurton.com\\\/wp-content\\\/uploads\\\/2023\\\/06\\\/Vignobles-Lurton-Chateau-La-Louviere-202306-35.jpg\",\"datePublished\":\"2023-07-19T08:41:50+00:00\",\"dateModified\":\"2025-05-14T16:09:23+00:00\",\"description\":\"Close to Bordeaux, the Pessac-L\u00e9ognan appellation is located on an exceptional terroir, the birthplace of great wines: \\\"les Graves de Bordeaux\\\".\",\"breadcrumb\":{\"@id\":\"https:\\\/\\\/www.andrelurton.com\\\/en\\\/appellation-pessac-leognan\\\/#breadcrumb\"},\"inLanguage\":\"en-US\",\"potentialAction\":[{\"@type\":\"ReadAction\",\"target\":[\"https:\\\/\\\/www.andrelurton.com\\\/en\\\/appellation-pessac-leognan\\\/\"]}]},{\"@type\":\"ImageObject\",\"inLanguage\":\"en-US\",\"@id\":\"https:\\\/\\\/www.andrelurton.com\\\/en\\\/appellation-pessac-leognan\\\/#primaryimage\",\"url\":\"https:\\\/\\\/www.andrelurton.com\\\/wp-content\\\/uploads\\\/2023\\\/06\\\/Vignobles-Lurton-Chateau-La-Louviere-202306-35.jpg\",\"contentUrl\":\"https:\\\/\\\/www.andrelurton.com\\\/wp-content\\\/uploads\\\/2023\\\/06\\\/Vignobles-Lurton-Chateau-La-Louviere-202306-35.jpg\",\"width\":1920,\"height\":1281,\"caption\":\"chateau la louviere vignes\"},{\"@type\":\"BreadcrumbList\",\"@id\":\"https:\\\/\\\/www.andrelurton.com\\\/en\\\/appellation-pessac-leognan\\\/#breadcrumb\",\"itemListElement\":[{\"@type\":\"ListItem\",\"position\":1,\"name\":\"Accueil\",\"item\":\"https:\\\/\\\/www.andrelurton.com\\\/en\\\/\"},{\"@type\":\"ListItem\",\"position\":2,\"name\":\"Appellation Pessac-L\u00e9ognan\"}]},{\"@type\":\"WebSite\",\"@id\":\"https:\\\/\\\/www.andrelurton.com\\\/#website\",\"url\":\"https:\\\/\\\/www.andrelurton.com\\\/\",\"name\":\"Vignobles Famille Andr\u00e9 Lurton\",\"description\":\"Vignoble Familial Engag\u00e9 | Bordeaux - Depuis 1897\",\"publisher\":{\"@id\":\"https:\\\/\\\/www.andrelurton.com\\\/#organization\"},\"potentialAction\":[{\"@type\":\"SearchAction\",\"target\":{\"@type\":\"EntryPoint\",\"urlTemplate\":\"https:\\\/\\\/www.andrelurton.com\\\/?s={search_term_string}\"},\"query-input\":{\"@type\":\"PropertyValueSpecification\",\"valueRequired\":true,\"valueName\":\"search_term_string\"}}],\"inLanguage\":\"en-US\"},{\"@type\":\"Organization\",\"@id\":\"https:\\\/\\\/www.andrelurton.com\\\/#organization\",\"name\":\"Vignobles Famille Andr\u00e9 Lurton\",\"url\":\"https:\\\/\\\/www.andrelurton.com\\\/\",\"logo\":{\"@type\":\"ImageObject\",\"inLanguage\":\"en-US\",\"@id\":\"https:\\\/\\\/www.andrelurton.com\\\/#\\\/schema\\\/logo\\\/image\\\/\",\"url\":\"https:\\\/\\\/www.andrelurton.com\\\/wp-content\\\/uploads\\\/2023\\\/10\\\/Famille-Andre-Lurton_EN_Black.webp\",\"contentUrl\":\"https:\\\/\\\/www.andrelurton.com\\\/wp-content\\\/uploads\\\/2023\\\/10\\\/Famille-Andre-Lurton_EN_Black.webp\",\"width\":1920,\"height\":1080,\"caption\":\"Vignobles Famille Andr\u00e9 Lurton\"},\"image\":{\"@id\":\"https:\\\/\\\/www.andrelurton.com\\\/#\\\/schema\\\/logo\\\/image\\\/\"},\"sameAs\":[\"https:\\\/\\\/www.facebook.com\\\/vignoblesandrelurton\",\"https:\\\/\\\/www.instagram.com\\\/vignoblesandrelurton\\\/?hl=fr\"]}]}<\/script>\n<!-- \/ Yoast SEO plugin. -->","yoast_head_json":{"title":"Appellation Pessac-L\u00e9ognan &#8226; Vignobles Famille Andr\u00e9 Lurton","description":"Close to Bordeaux, the Pessac-L\u00e9ognan appellation is located on an exceptional terroir, the birthplace of great wines: \"les Graves de Bordeaux\".","robots":{"index":"index","follow":"follow","max-snippet":"max-snippet:-1","max-image-preview":"max-image-preview:large","max-video-preview":"max-video-preview:-1"},"canonical":"https:\/\/www.andrelurton.com\/en\/appellation-pessac-leognan\/","og_locale":"en_US","og_type":"article","og_title":"Appellation Pessac-L\u00e9ognan &#8226; Vignobles Famille Andr\u00e9 Lurton","og_description":"Close to Bordeaux, the Pessac-L\u00e9ognan appellation is located on an exceptional terroir, the birthplace of great wines: \"les Graves de Bordeaux\".","og_url":"https:\/\/www.andrelurton.com\/en\/appellation-pessac-leognan\/","og_site_name":"Vignobles Famille Andr\u00e9 Lurton","article_publisher":"https:\/\/www.facebook.com\/vignoblesandrelurton","article_modified_time":"2025-05-14T16:09:23+00:00","og_image":[{"width":1920,"height":1281,"url":"https:\/\/www.andrelurton.com\/wp-content\/uploads\/2023\/06\/Vignobles-Lurton-Chateau-La-Louviere-202306-35.jpg","type":"image\/jpeg"}],"twitter_card":"summary_large_image","twitter_misc":{"Est. reading time":"1 minute"},"schema":{"@context":"https:\/\/schema.org","@graph":[{"@type":"WebPage","@id":"https:\/\/www.andrelurton.com\/en\/appellation-pessac-leognan\/","url":"https:\/\/www.andrelurton.com\/en\/appellation-pessac-leognan\/","name":"Appellation Pessac-L\u00e9ognan &#8226; Vignobles Famille Andr\u00e9 Lurton","isPartOf":{"@id":"https:\/\/www.andrelurton.com\/#website"},"primaryImageOfPage":{"@id":"https:\/\/www.andrelurton.com\/en\/appellation-pessac-leognan\/#primaryimage"},"image":{"@id":"https:\/\/www.andrelurton.com\/en\/appellation-pessac-leognan\/#primaryimage"},"thumbnailUrl":"https:\/\/www.andrelurton.com\/wp-content\/uploads\/2023\/06\/Vignobles-Lurton-Chateau-La-Louviere-202306-35.jpg","datePublished":"2023-07-19T08:41:50+00:00","dateModified":"2025-05-14T16:09:23+00:00","description":"Close to Bordeaux, the Pessac-L\u00e9ognan appellation is located on an exceptional terroir, the birthplace of great wines: \"les Graves de Bordeaux\".","breadcrumb":{"@id":"https:\/\/www.andrelurton.com\/en\/appellation-pessac-leognan\/#breadcrumb"},"inLanguage":"en-US","potentialAction":[{"@type":"ReadAction","target":["https:\/\/www.andrelurton.com\/en\/appellation-pessac-leognan\/"]}]},{"@type":"ImageObject","inLanguage":"en-US","@id":"https:\/\/www.andrelurton.com\/en\/appellation-pessac-leognan\/#primaryimage","url":"https:\/\/www.andrelurton.com\/wp-content\/uploads\/2023\/06\/Vignobles-Lurton-Chateau-La-Louviere-202306-35.jpg","contentUrl":"https:\/\/www.andrelurton.com\/wp-content\/uploads\/2023\/06\/Vignobles-Lurton-Chateau-La-Louviere-202306-35.jpg","width":1920,"height":1281,"caption":"chateau la louviere vignes"},{"@type":"BreadcrumbList","@id":"https:\/\/www.andrelurton.com\/en\/appellation-pessac-leognan\/#breadcrumb","itemListElement":[{"@type":"ListItem","position":1,"name":"Accueil","item":"https:\/\/www.andrelurton.com\/en\/"},{"@type":"ListItem","position":2,"name":"Appellation Pessac-L\u00e9ognan"}]},{"@type":"WebSite","@id":"https:\/\/www.andrelurton.com\/#website","url":"https:\/\/www.andrelurton.com\/","name":"Vignobles Famille Andr\u00e9 Lurton","description":"Vignoble Familial Engag\u00e9 | Bordeaux - Depuis 1897","publisher":{"@id":"https:\/\/www.andrelurton.com\/#organization"},"potentialAction":[{"@type":"SearchAction","target":{"@type":"EntryPoint","urlTemplate":"https:\/\/www.andrelurton.com\/?s={search_term_string}"},"query-input":{"@type":"PropertyValueSpecification","valueRequired":true,"valueName":"search_term_string"}}],"inLanguage":"en-US"},{"@type":"Organization","@id":"https:\/\/www.andrelurton.com\/#organization","name":"Vignobles Famille Andr\u00e9 Lurton","url":"https:\/\/www.andrelurton.com\/","logo":{"@type":"ImageObject","inLanguage":"en-US","@id":"https:\/\/www.andrelurton.com\/#\/schema\/logo\/image\/","url":"https:\/\/www.andrelurton.com\/wp-content\/uploads\/2023\/10\/Famille-Andre-Lurton_EN_Black.webp","contentUrl":"https:\/\/www.andrelurton.com\/wp-content\/uploads\/2023\/10\/Famille-Andre-Lurton_EN_Black.webp","width":1920,"height":1080,"caption":"Vignobles Famille Andr\u00e9 Lurton"},"image":{"@id":"https:\/\/www.andrelurton.com\/#\/schema\/logo\/image\/"},"sameAs":["https:\/\/www.facebook.com\/vignoblesandrelurton","https:\/\/www.instagram.com\/vignoblesandrelurton\/?hl=fr"]}]}},"_links":{"self":[{"href":"https:\/\/www.andrelurton.com\/en\/wp-json\/wp\/v2\/pages\/3294","targetHints":{"allow":["GET"]}}],"collection":[{"href":"https:\/\/www.andrelurton.com\/en\/wp-json\/wp\/v2\/pages"}],"about":[{"href":"https:\/\/www.andrelurton.com\/en\/wp-json\/wp\/v2\/types\/page"}],"author":[{"embeddable":true,"href":"https:\/\/www.andrelurton.com\/en\/wp-json\/wp\/v2\/users\/1"}],"replies":[{"embeddable":true,"href":"https:\/\/www.andrelurton.com\/en\/wp-json\/wp\/v2\/comments?post=3294"}],"version-history":[{"count":7,"href":"https:\/\/www.andrelurton.com\/en\/wp-json\/wp\/v2\/pages\/3294\/revisions"}],"predecessor-version":[{"id":13539,"href":"https:\/\/www.andrelurton.com\/en\/wp-json\/wp\/v2\/pages\/3294\/revisions\/13539"}],"wp:featuredmedia":[{"embeddable":true,"href":"https:\/\/www.andrelurton.com\/en\/wp-json\/wp\/v2\/media\/1504"}],"wp:attachment":[{"href":"https:\/\/www.andrelurton.com\/en\/wp-json\/wp\/v2\/media?parent=3294"}],"curies":[{"name":"wp","href":"https:\/\/api.w.org\/{rel}","templated":true}]}}